{"id":60,"date":"2010-11-08T17:45:47","date_gmt":"2010-11-08T16:45:47","guid":{"rendered":"http:\/\/www.sdh-velesin.net\/?page_id=60"},"modified":"2023-12-09T10:53:34","modified_gmt":"2023-12-09T09:53:34","slug":"sponzori","status":"publish","type":"page","link":"https:\/\/sdh-velesin.net\/?page_id=60","title":{"rendered":"Sponzo\u0159i"},"content":{"rendered":"\n<div class=\"wp-block-media-text is-stacked-on-mobile\" style=\"grid-template-columns:17% auto\"><figure class=\"wp-block-media-text__media\"><img loading=\"lazy\" decoding=\"async\" width=\"184\" height=\"148\" src=\"https:\/\/sdh-velesin.net\/wp-content\/uploads\/znak-layout-4.png\" alt=\"\" class=\"wp-image-2850 size-full\"\/><\/figure><div class=\"wp-block-media-text__content\">\n<p class=\"has-medium-font-size\"><br><strong><a href=\"https:\/\/www.velesin.cz\" data-type=\"link\" data-id=\"https:\/\/www.velesin.cz\" target=\"_blank\" rel=\"noreferrer noopener\">M\u011bsto Vele\u0161\u00edn<\/a><\/strong><\/p>\n<\/div><\/div>\n\n\n\n<div class=\"wp-block-media-text is-stacked-on-mobile\" style=\"grid-template-columns:17% auto\"><figure class=\"wp-block-media-text__media\"><img loading=\"lazy\" decoding=\"async\" width=\"850\" height=\"373\" src=\"https:\/\/sdh-velesin.net\/wp-content\/uploads\/jihocesky-kraj-barevne-2-1-850x373.jpg\" alt=\"\" class=\"wp-image-2851 size-full\" srcset=\"https:\/\/sdh-velesin.net\/wp-content\/uploads\/jihocesky-kraj-barevne-2-1-850x373.jpg 850w, https:\/\/sdh-velesin.net\/wp-content\/uploads\/jihocesky-kraj-barevne-2-1-400x176.jpg 400w, https:\/\/sdh-velesin.net\/wp-content\/uploads\/jihocesky-kraj-barevne-2-1.jpg 1237w\" sizes=\"auto, (max-width: 850px) 100vw, 850px\" \/><\/figure><div class=\"wp-block-media-text__content\">\n<p class=\"has-medium-font-size\"><br><strong><a href=\"https:\/\/kraj-jihocesky.cz\" target=\"_blank\" rel=\"noreferrer noopener\">Jiho\u010desk\u00fd kraj<\/a><\/strong><\/p>\n<\/div><\/div>\n\n\n\n<div class=\"wp-block-media-text is-stacked-on-mobile\" style=\"grid-template-columns:17% auto\"><figure class=\"wp-block-media-text__media\"><img loading=\"lazy\" decoding=\"async\" width=\"395\" height=\"390\" src=\"https:\/\/sdh-velesin.net\/wp-content\/uploads\/376562298_122099344688035943_2040141127119306579_n-1.jpg\" alt=\"\" class=\"wp-image-2852 size-full\"\/><\/figure><div class=\"wp-block-media-text__content\">\n<p class=\"has-medium-font-size\"><br><strong><a href=\"https:\/\/www.facebook.com\/profile.php?id=61551078299320\" target=\"_blank\" rel=\"noreferrer noopener\">Pneuservis Jan \u017dlunka<\/a><\/strong><\/p>\n<\/div><\/div>\n\n\n\n<div class=\"wp-block-media-text is-stacked-on-mobile\" style=\"grid-template-columns:17% auto\"><figure class=\"wp-block-media-text__media\"><img loading=\"lazy\" decoding=\"async\" width=\"210\" height=\"115\" src=\"https:\/\/sdh-velesin.net\/wp-content\/uploads\/aagneth-logo-1.png\" alt=\"\" class=\"wp-image-2854 size-full\"\/><\/figure><div class=\"wp-block-media-text__content\">\n<p class=\"has-medium-font-size\"><strong><a href=\"https:\/\/www.aagneth.cz\" target=\"_blank\" rel=\"noreferrer noopener\">Aagneth<\/a><\/strong><\/p>\n<\/div><\/div>\n\n\n\n<div class=\"wp-block-media-text is-stacked-on-mobile\" style=\"grid-template-columns:17% auto\"><figure class=\"wp-block-media-text__media\"><img loading=\"lazy\" decoding=\"async\" width=\"528\" height=\"279\" src=\"https:\/\/sdh-velesin.net\/wp-content\/uploads\/jouzalogosience-1.png\" alt=\"\" class=\"wp-image-2855 size-full\" srcset=\"https:\/\/sdh-velesin.net\/wp-content\/uploads\/jouzalogosience-1.png 528w, https:\/\/sdh-velesin.net\/wp-content\/uploads\/jouzalogosience-1-400x211.png 400w\" sizes=\"auto, (max-width: 528px) 100vw, 528px\" \/><\/figure><div class=\"wp-block-media-text__content\">\n<p class=\"has-medium-font-size\"><strong><a href=\"https:\/\/autoplachty-juk.cz\" target=\"_blank\" rel=\"noreferrer noopener\">Jouza Union<\/a><\/strong><\/p>\n<\/div><\/div>\n\n\n\n<div class=\"wp-block-media-text is-stacked-on-mobile\" style=\"grid-template-columns:17% auto\"><figure class=\"wp-block-media-text__media\"><img loading=\"lazy\" decoding=\"async\" width=\"230\" height=\"57\" src=\"https:\/\/sdh-velesin.net\/wp-content\/uploads\/logo-engel.png\" alt=\"\" class=\"wp-image-2856 size-full\"\/><\/figure><div class=\"wp-block-media-text__content\">\n<p class=\"has-medium-font-size\"><br><a href=\"https:\/\/www.pracevengelu.cz\" target=\"_blank\" rel=\"noreferrer noopener\"><strong>ENGEL Kaplice<\/strong><\/a><\/p>\n<\/div><\/div>\n\n\n\n<div class=\"wp-block-media-text is-stacked-on-mobile\" style=\"grid-template-columns:17% auto\"><figure class=\"wp-block-media-text__media\"><img loading=\"lazy\" decoding=\"async\" width=\"183\" height=\"82\" src=\"https:\/\/sdh-velesin.net\/wp-content\/uploads\/logo-jihostroj.png\" alt=\"\" class=\"wp-image-2862 size-full\"\/><\/figure><div class=\"wp-block-media-text__content\">\n<p class=\"has-medium-font-size\"><br><strong><a href=\"https:\/\/www.jihostroj.com\/en.html\" target=\"_blank\" rel=\"noreferrer noopener\">Jihostroj<\/a><\/strong><\/p>\n<\/div><\/div>\n\n\n\n<div class=\"wp-block-media-text is-stacked-on-mobile\" style=\"grid-template-columns:17% auto\"><figure class=\"wp-block-media-text__media\"><img loading=\"lazy\" decoding=\"async\" width=\"617\" height=\"600\" src=\"https:\/\/sdh-velesin.net\/wp-content\/uploads\/305625898_535526075039297_6154426568163217309_n-617x600.jpg\" alt=\"\" class=\"wp-image-2857 size-full\" srcset=\"https:\/\/sdh-velesin.net\/wp-content\/uploads\/305625898_535526075039297_6154426568163217309_n-617x600.jpg 617w, https:\/\/sdh-velesin.net\/wp-content\/uploads\/305625898_535526075039297_6154426568163217309_n-400x389.jpg 400w, https:\/\/sdh-velesin.net\/wp-content\/uploads\/305625898_535526075039297_6154426568163217309_n.jpg 1080w\" sizes=\"auto, (max-width: 617px) 100vw, 617px\" \/><\/figure><div class=\"wp-block-media-text__content\">\n<p class=\"has-medium-font-size\"><br><a href=\"https:\/\/www.facebook.com\/instalaterstvi.info\" target=\"_blank\" rel=\"noreferrer noopener\"><strong>Instalat\u00e9rstv\u00ed T\u00e1cha &#8211; Foitl<\/strong><\/a><\/p>\n<\/div><\/div>\n\n\n\n<div class=\"wp-block-media-text is-stacked-on-mobile\" style=\"grid-template-columns:17% auto\"><figure class=\"wp-block-media-text__media\"><img loading=\"lazy\" decoding=\"async\" width=\"600\" height=\"600\" src=\"https:\/\/sdh-velesin.net\/wp-content\/uploads\/logoBig.png\" alt=\"\" class=\"wp-image-2858 size-full\" srcset=\"https:\/\/sdh-velesin.net\/wp-content\/uploads\/logoBig.png 600w, https:\/\/sdh-velesin.net\/wp-content\/uploads\/logoBig-400x400.png 400w, https:\/\/sdh-velesin.net\/wp-content\/uploads\/logoBig-150x150.png 150w\" sizes=\"auto, (max-width: 600px) 100vw, 600px\" \/><\/figure><div class=\"wp-block-media-text__content\">\n<p class=\"has-medium-font-size\"><br><strong><a href=\"http:\/\/www.ptsstrechy.cz\" target=\"_blank\" rel=\"noreferrer noopener\">St\u0159echy P.T.S.<\/a><\/strong><\/p>\n<\/div><\/div>\n\n\n\n<div class=\"wp-block-media-text is-stacked-on-mobile\" style=\"grid-template-columns:17% auto\"><figure class=\"wp-block-media-text__media\"><img loading=\"lazy\" decoding=\"async\" width=\"850\" height=\"301\" src=\"https:\/\/sdh-velesin.net\/wp-content\/uploads\/bidli-850x301.png\" alt=\"\" class=\"wp-image-2863 size-full\" srcset=\"https:\/\/sdh-velesin.net\/wp-content\/uploads\/bidli-850x301.png 850w, https:\/\/sdh-velesin.net\/wp-content\/uploads\/bidli-400x142.png 400w, https:\/\/sdh-velesin.net\/wp-content\/uploads\/bidli.png 1060w\" sizes=\"auto, (max-width: 850px) 100vw, 850px\" \/><\/figure><div class=\"wp-block-media-text__content\">\n<p class=\"has-medium-font-size\"><br><a href=\"https:\/\/www.bidli.cz\" target=\"_blank\" rel=\"noreferrer noopener\"><strong>Bidli<\/strong><\/a><\/p>\n<\/div><\/div>\n\n\n\n<div class=\"wp-block-media-text is-stacked-on-mobile\" style=\"grid-template-columns:17% auto\"><figure class=\"wp-block-media-text__media\"><img loading=\"lazy\" decoding=\"async\" width=\"850\" height=\"509\" src=\"https:\/\/sdh-velesin.net\/wp-content\/uploads\/Snimek-obrazovky-2023-12-09-v-10.22.52-850x509.png\" alt=\"\" class=\"wp-image-2859 size-full\" srcset=\"https:\/\/sdh-velesin.net\/wp-content\/uploads\/Snimek-obrazovky-2023-12-09-v-10.22.52-850x509.png 850w, https:\/\/sdh-velesin.net\/wp-content\/uploads\/Snimek-obrazovky-2023-12-09-v-10.22.52-400x239.png 400w, https:\/\/sdh-velesin.net\/wp-content\/uploads\/Snimek-obrazovky-2023-12-09-v-10.22.52-1536x919.png 1536w, https:\/\/sdh-velesin.net\/wp-content\/uploads\/Snimek-obrazovky-2023-12-09-v-10.22.52-2048x1225.png 2048w\" sizes=\"auto, (max-width: 850px) 100vw, 850px\" \/><\/figure><div class=\"wp-block-media-text__content\">\n<p class=\"has-medium-font-size\"><br><a href=\"https:\/\/www.linde-pohony.cz\/cs\/\" target=\"_blank\" rel=\"noreferrer noopener\"><strong>Linde pohony s.r.o.<\/strong><\/a><\/p>\n<\/div><\/div>\n\n\n\n<div class=\"wp-block-media-text is-stacked-on-mobile\" style=\"grid-template-columns:17% auto\"><figure class=\"wp-block-media-text__media\"><img loading=\"lazy\" decoding=\"async\" width=\"850\" height=\"553\" src=\"https:\/\/sdh-velesin.net\/wp-content\/uploads\/Nadace_CEZ_Barva_pozitiv_CMYK-850x553.jpg\" alt=\"\" class=\"wp-image-2860 size-full\" srcset=\"https:\/\/sdh-velesin.net\/wp-content\/uploads\/Nadace_CEZ_Barva_pozitiv_CMYK-850x553.jpg 850w, https:\/\/sdh-velesin.net\/wp-content\/uploads\/Nadace_CEZ_Barva_pozitiv_CMYK-400x260.jpg 400w, https:\/\/sdh-velesin.net\/wp-content\/uploads\/Nadace_CEZ_Barva_pozitiv_CMYK-1536x1000.jpg 1536w, https:\/\/sdh-velesin.net\/wp-content\/uploads\/Nadace_CEZ_Barva_pozitiv_CMYK-2048x1333.jpg 2048w\" sizes=\"auto, (max-width: 850px) 100vw, 850px\" \/><\/figure><div class=\"wp-block-media-text__content\">\n<p class=\"has-medium-font-size\"><br><a href=\"https:\/\/www.nadacecez.cz\" target=\"_blank\" rel=\"noreferrer noopener\"><strong>Nadace \u010cEZ<\/strong><\/a><\/p>\n<\/div><\/div>\n\n\n\n<div class=\"wp-block-media-text is-stacked-on-mobile\" style=\"grid-template-columns:17% auto\"><figure class=\"wp-block-media-text__media\"><img loading=\"lazy\" decoding=\"async\" width=\"379\" height=\"186\" src=\"https:\/\/sdh-velesin.net\/wp-content\/uploads\/Snimek-obrazovky-2023-12-09-v-10.29.19.png\" alt=\"\" class=\"wp-image-2861 size-full\"\/><\/figure><div class=\"wp-block-media-text__content\">\n<p class=\"has-medium-font-size\"><br><strong><a href=\"http:\/\/www.stavebniprodej.cz\/velesin.html\" target=\"_blank\" rel=\"noreferrer noopener\">Stavebn\u00ed prodej J+K<\/a><\/strong><\/p>\n<\/div><\/div>\n\n\n\n<div class=\"wp-block-media-text is-stacked-on-mobile\" style=\"grid-template-columns:17% auto\"><figure class=\"wp-block-media-text__media\"><img loading=\"lazy\" decoding=\"async\" width=\"561\" height=\"337\" src=\"https:\/\/sdh-velesin.net\/wp-content\/uploads\/OPETECH-obrabeni-kovu-cnc-laser-logo-modre.png\" alt=\"\" class=\"wp-image-2870 size-full\" srcset=\"https:\/\/sdh-velesin.net\/wp-content\/uploads\/OPETECH-obrabeni-kovu-cnc-laser-logo-modre.png 561w, https:\/\/sdh-velesin.net\/wp-content\/uploads\/OPETECH-obrabeni-kovu-cnc-laser-logo-modre-400x240.png 400w\" sizes=\"auto, (max-width: 561px) 100vw, 561px\" \/><\/figure><div class=\"wp-block-media-text__content\">\n<p class=\"has-medium-font-size\"><br><strong><a href=\"https:\/\/www.opetech.cz\" target=\"_blank\" rel=\"noreferrer noopener\">OpeTech<\/a><\/strong><\/p>\n<\/div><\/div>\n\n\n\n<div class=\"wp-block-media-text is-stacked-on-mobile\" style=\"grid-template-columns:17% auto\"><figure class=\"wp-block-media-text__media\"><img loading=\"lazy\" decoding=\"async\" width=\"210\" height=\"128\" src=\"https:\/\/sdh-velesin.net\/wp-content\/uploads\/Jitka-Pracovni-Odevy-Logo.png\" alt=\"\" class=\"wp-image-2871 size-full\"\/><\/figure><div class=\"wp-block-media-text__content\">\n<p class=\"has-medium-font-size\"><br><strong><a href=\"https:\/\/www.jitkapracovniodevy.cz\">Pracovn\u00ed od\u011bvy Jitka<\/a><\/strong><\/p>\n<\/div><\/div>\n\n\n\n<div class=\"wp-block-media-text is-stacked-on-mobile\" style=\"grid-template-columns:17% auto\"><figure class=\"wp-block-media-text__media\"><img loading=\"lazy\" decoding=\"async\" width=\"188\" height=\"188\" src=\"https:\/\/sdh-velesin.net\/wp-content\/uploads\/113300.188x188-1.jpg\" alt=\"\" class=\"wp-image-2853 size-full\" srcset=\"https:\/\/sdh-velesin.net\/wp-content\/uploads\/113300.188x188-1.jpg 188w, https:\/\/sdh-velesin.net\/wp-content\/uploads\/113300.188x188-1-150x150.jpg 150w\" sizes=\"auto, (max-width: 188px) 100vw, 188px\" \/><\/figure><div class=\"wp-block-media-text__content\">\n<p class=\"has-medium-font-size\"><strong><a href=\"https:\/\/www.precitool.cz\" target=\"_blank\" rel=\"noreferrer noopener\">Precitool<\/a><\/strong><\/p>\n<\/div><\/div>\n\n\n\n<p><strong>Stavebn\u00ed firma Sumerauer s.r.o.<\/strong><\/p>\n\n\n\n<p><\/p>\n","protected":false},"excerpt":{"rendered":"<p>M\u011bsto Vele\u0161\u00edn Jiho\u010desk\u00fd kraj Pneuservis Jan \u017dlunka Aagneth Jouza Union ENGEL Kaplice Jihostroj Instalat\u00e9rstv\u00ed T\u00e1cha &#8211; Foitl St\u0159echy P.T.S. Bidli Linde pohony s.r.o. Nadace \u010cEZ Stavebn\u00ed prodej J+K OpeTech Pracovn\u00ed od\u011bvy Jitka Precitool Stavebn\u00ed firma Sumerauer s.r.o.<\/p>\n","protected":false},"author":1,"featured_media":0,"parent":0,"menu_order":7,"comment_status":"closed","ping_status":"closed","template":"","meta":{"footnotes":""},"class_list":["post-60","page","type-page","status-publish"],"_links":{"self":[{"href":"https:\/\/sdh-velesin.net\/index.php?rest_route=\/wp\/v2\/pages\/60","targetHints":{"allow":["GET"]}}],"collection":[{"href":"https:\/\/sdh-velesin.net\/index.php?rest_route=\/wp\/v2\/pages"}],"about":[{"href":"https:\/\/sdh-velesin.net\/index.php?rest_route=\/wp\/v2\/types\/page"}],"author":[{"embeddable":true,"href":"https:\/\/sdh-velesin.net\/index.php?rest_route=\/wp\/v2\/users\/1"}],"replies":[{"embeddable":true,"href":"https:\/\/sdh-velesin.net\/index.php?rest_route=%2Fwp%2Fv2%2Fcomments&post=60"}],"version-history":[{"count":56,"href":"https:\/\/sdh-velesin.net\/index.php?rest_route=\/wp\/v2\/pages\/60\/revisions"}],"predecessor-version":[{"id":2872,"href":"https:\/\/sdh-velesin.net\/index.php?rest_route=\/wp\/v2\/pages\/60\/revisions\/2872"}],"wp:attachment":[{"href":"https:\/\/sdh-velesin.net\/index.php?rest_route=%2Fwp%2Fv2%2Fmedia&parent=60"}],"curies":[{"name":"wp","href":"https:\/\/api.w.org\/{rel}","templated":true}]}}