{"id":46,"date":"2010-11-08T17:26:49","date_gmt":"2010-11-08T16:26:49","guid":{"rendered":"http:\/\/www.sdh-velesin.net\/?page_id=46"},"modified":"2018-07-15T17:59:50","modified_gmt":"2018-07-15T16:59:50","slug":"technika","status":"publish","type":"page","link":"https:\/\/sdh-velesin.net\/?page_id=46","title":{"rendered":"Technika"},"content":{"rendered":"<figure id=\"attachment_1598\" aria-describedby=\"caption-attachment-1598\" style=\"width: 290px\" class=\"wp-caption alignleft\"><a href=\" https:\/\/sdh-velesin.net\/?page_id=2397\"><img loading=\"lazy\" decoding=\"async\" class=\"wp-image-1598 size-medium\" src=\"https:\/\/sdh-velesin.net\/wp-content\/uploads\/10433207_815267288492730_4498898584715846239_n-300x199.jpg\" alt=\"TATRA CAS 32 T815\" width=\"300\" height=\"199\" srcset=\"https:\/\/sdh-velesin.net\/wp-content\/uploads\/10433207_815267288492730_4498898584715846239_n-300x199.jpg 300w, https:\/\/sdh-velesin.net\/wp-content\/uploads\/10433207_815267288492730_4498898584715846239_n.jpg 720w\" sizes=\"auto, (max-width: 300px) 100vw, 300px\" \/><figcaption id=\"caption-attachment-1598\" class=\"wp-caption-text\">CAS 32 T815<\/a><\/figcaption><\/figure>\n<figure id=\"attachment_2022\" aria-describedby=\"caption-attachment-2022\" style=\"width: 290px\" class=\"wp-caption alignleft\"><a href=\"https:\/\/sdh-velesin.net\/?page_id=2417\"><img loading=\"lazy\" decoding=\"async\" class=\"wp-image-2022 size-medium\" src=\"https:\/\/sdh-velesin.net\/wp-content\/uploads\/sdh_2-300x208.jpg\" alt=\"CAS 16 Magirus Deutz 170\" width=\"300\" height=\"208\" srcset=\"https:\/\/sdh-velesin.net\/wp-content\/uploads\/sdh_2-300x208.jpg 300w, https:\/\/sdh-velesin.net\/wp-content\/uploads\/sdh_2-768x533.jpg 768w, https:\/\/sdh-velesin.net\/wp-content\/uploads\/sdh_2-900x624.jpg 900w, https:\/\/sdh-velesin.net\/wp-content\/uploads\/sdh_2.jpg 1600w\" sizes=\"auto, (max-width: 300px) 100vw, 300px\" \/><figcaption id=\"caption-attachment-2022\" class=\"wp-caption-text\">CAS 16 Magirus Deutz 170<\/a><\/figcaption><\/figure>\n<figure id=\"attachment_207\" aria-describedby=\"caption-attachment-207\" style=\"width: 290px\" class=\"wp-caption alignleft\"><a href=\"https:\/\/sdh-velesin.net\/?page_id=2471\"><img loading=\"lazy\" decoding=\"async\" class=\"wp-image-207 size-medium\" src=\"https:\/\/sdh-velesin.net\/wp-content\/uploads\/avia-300x225.jpg\" alt=\"Dopravn\u00ed automobil DA12 A30K\" width=\"300\" height=\"225\" srcset=\"https:\/\/sdh-velesin.net\/wp-content\/uploads\/avia-300x225.jpg 300w, https:\/\/sdh-velesin.net\/wp-content\/uploads\/avia.jpg 500w\" sizes=\"auto, (max-width: 300px) 100vw, 300px\" \/><figcaption id=\"caption-attachment-207\" class=\"wp-caption-text\">DA Avia<\/a><\/figcaption><\/figure>\n<figure id=\"attachment_2476\" aria-describedby=\"caption-attachment-2476\" style=\"width: 290px\" class=\"wp-caption alignleft\"><a href=\"https:\/\/sdh-velesin.net\/wp-content\/uploads\/37184165_10209239560745045_2794821711558606848_n.jpg\" rel=\"lightbox[46]\"><img loading=\"lazy\" decoding=\"async\" class=\"wp-image-2476 size-medium\" src=\"https:\/\/sdh-velesin.net\/wp-content\/uploads\/37184165_10209239560745045_2794821711558606848_n-400x300.jpg\" alt=\"37184165_10209239560745045_2794821711558606848_n\" width=\"300\" height=\"225\" srcset=\"https:\/\/sdh-velesin.net\/wp-content\/uploads\/37184165_10209239560745045_2794821711558606848_n-400x300.jpg 400w, https:\/\/sdh-velesin.net\/wp-content\/uploads\/37184165_10209239560745045_2794821711558606848_n-800x600.jpg 800w\" sizes=\"auto, (max-width: 300px) 100vw, 300px\" \/><figcaption id=\"caption-attachment-2476\" class=\"wp-caption-text\">P\u0159\u00edv\u011bsn\u00fd voz\u00edk EURO A750\/E3-150<\/a><\/figcaption><\/figure>\n<figure id=\"attachment_220\" aria-describedby=\"caption-attachment-220\" style=\"width: 290px\" class=\"wp-caption alignleft\"><a href=\"https:\/\/sdh-velesin.net\/?page_id=2432\"><img loading=\"lazy\" decoding=\"async\" class=\"size-medium wp-image-220\" src=\"https:\/\/sdh-velesin.net\/wp-content\/uploads\/vysokotlak-300x225.jpg\" alt=\"Vysokotlak\u00fd agrg\u00e1t HDL 200\" width=\"300\" height=\"225\" srcset=\"https:\/\/sdh-velesin.net\/wp-content\/uploads\/vysokotlak-300x225.jpg 300w, https:\/\/sdh-velesin.net\/wp-content\/uploads\/vysokotlak.jpg 500w\" sizes=\"auto, (max-width: 300px) 100vw, 300px\" \/><figcaption id=\"caption-attachment-220\" class=\"wp-caption-text\">Pomocn\u00e1 technika<\/a><\/figcaption><\/figure>\n<p>&nbsp;<\/p>\n","protected":false},"excerpt":{"rendered":"<p>&nbsp;<\/p>\n","protected":false},"author":1,"featured_media":0,"parent":0,"menu_order":0,"comment_status":"closed","ping_status":"closed","template":"","meta":{"footnotes":""},"class_list":["post-46","page","type-page","status-publish"],"_links":{"self":[{"href":"https:\/\/sdh-velesin.net\/index.php?rest_route=\/wp\/v2\/pages\/46","targetHints":{"allow":["GET"]}}],"collection":[{"href":"https:\/\/sdh-velesin.net\/index.php?rest_route=\/wp\/v2\/pages"}],"about":[{"href":"https:\/\/sdh-velesin.net\/index.php?rest_route=\/wp\/v2\/types\/page"}],"author":[{"embeddable":true,"href":"https:\/\/sdh-velesin.net\/index.php?rest_route=\/wp\/v2\/users\/1"}],"replies":[{"embeddable":true,"href":"https:\/\/sdh-velesin.net\/index.php?rest_route=%2Fwp%2Fv2%2Fcomments&post=46"}],"version-history":[{"count":40,"href":"https:\/\/sdh-velesin.net\/index.php?rest_route=\/wp\/v2\/pages\/46\/revisions"}],"predecessor-version":[{"id":2480,"href":"https:\/\/sdh-velesin.net\/index.php?rest_route=\/wp\/v2\/pages\/46\/revisions\/2480"}],"wp:attachment":[{"href":"https:\/\/sdh-velesin.net\/index.php?rest_route=%2Fwp%2Fv2%2Fmedia&parent=46"}],"curies":[{"name":"wp","href":"https:\/\/api.w.org\/{rel}","templated":true}]}}