{"id":2974,"date":"2026-03-26T20:56:16","date_gmt":"2026-03-26T19:56:16","guid":{"rendered":"https:\/\/sdh-velesin.net\/?page_id=2974"},"modified":"2026-03-26T20:56:17","modified_gmt":"2026-03-26T19:56:17","slug":"mladi-hasici","status":"publish","type":"page","link":"https:\/\/sdh-velesin.net\/?page_id=2974","title":{"rendered":"Mlad\u00ed hasi\u010di"},"content":{"rendered":"\n<p>Pravideln\u011b se ka\u017ed\u00fd t\u00fdden sch\u00e1z\u00edme s mal\u00fdmi i v\u011bt\u0161\u00edmi hasi\u010di &#8211; od <strong>\u010dty\u0159let\u00fdch pr\u0165at<\/strong> a\u017e po <strong>dorostence.<\/strong> Na\u0161\u00ed hlavn\u00ed n\u00e1pln\u00ed je <strong>po\u017e\u00e1rn\u00ed sport<\/strong>, tak\u017ee b\u011bhem sez\u00f3ny piln\u011b tr\u00e9nujeme, b\u011bh\u00e1me, st\u0159\u00edk\u00e1me a sout\u011b\u017e\u00edme.<\/p>\n\n\n\n<p>Mimo sez\u00f3nu se pak v\u011bnujeme <strong>vzd\u011bl\u00e1v\u00e1n\u00ed <\/strong>a p\u0159\u00edprav\u011b d\u011bt\u00ed na to, aby jednou mohly b\u00fdt oporou na\u0161eho sboru, nebo si prost\u011b odnesly do \u017eivota n\u011bco u\u017eite\u010dn\u00e9ho a z\u00e1bavn\u00e9ho.<\/p>\n\n\n\n<p>A aby to nebyla jen d\u0159ina, u\u017e\u00edv\u00e1me si i spole\u010dn\u00e9 v\u00fdlety: sk\u00e1\u010deme v <strong>Jump ar\u00e9n\u011b<\/strong>, dov\u00e1d\u00edme v <strong>baz\u00e9nu<\/strong>, ob\u010das vymysl\u00edme i n\u011bco jin\u00e9ho a nechyb\u00ed ani obl\u00edben\u00fd<strong> letn\u00ed t\u00e1bor.<\/strong><\/p>\n\n\n\n<ul class=\"wp-block-list\">\n<li><strong>Pravideln\u00e9 sch\u016fzky (mimo pr\u00e1zdniny a sv\u00e1tky)<\/strong>\n<ul class=\"wp-block-list\">\n<li>P\u0159\u00edpravka (3-6 let) \u2014 ka\u017ed\u00e9 pond\u011bl\u00ed od 16:30 do 17:30 <\/li>\n\n\n\n<li>\u017d\u00e1ci (7-15 let) \u2014 ka\u017edou st\u0159edu od 16:00 do 18:00<\/li>\n<\/ul>\n<\/li>\n\n\n\n<li><strong>Cena (\u010dlensk\u00fd p\u0159\u00edsp\u011bvek)<\/strong>\n<ul class=\"wp-block-list\">\n<li>P\u0159\u00edpravka \u2014 500 K\u010d<\/li>\n\n\n\n<li>\u017d\u00e1ci, dorost, dosp\u011bl\u00ed \u2014 800 K\u010d<\/li>\n<\/ul>\n<\/li>\n<\/ul>\n\n\n\n<p>V p\u0159\u00edpad\u011b z\u00e1jmu nebo dotazu se nebojte p\u0159ij\u00edt na n\u011bkterou z pravideln\u00fdch sch\u016fzek. Sch\u016fzka v\u017edy za\u010d\u00edn\u00e1 v hasi\u010d\u00e1rn\u011b.<\/p>\n\n\n\n<figure class=\"wp-block-gallery has-nested-images columns-2 is-cropped wp-block-gallery-1 is-layout-flex wp-block-gallery-is-layout-flex\">\n<figure class=\"wp-block-image size-large\"><img loading=\"lazy\" decoding=\"async\" width=\"800\" height=\"600\" data-id=\"2978\" src=\"https:\/\/sdh-velesin.net\/wp-content\/uploads\/Pripravka-Okrsek-3.5-800x600.jpg\" alt=\"\" class=\"wp-image-2978\" srcset=\"https:\/\/sdh-velesin.net\/wp-content\/uploads\/Pripravka-Okrsek-3.5-800x600.jpg 800w, https:\/\/sdh-velesin.net\/wp-content\/uploads\/Pripravka-Okrsek-3.5-400x300.jpg 400w, https:\/\/sdh-velesin.net\/wp-content\/uploads\/Pripravka-Okrsek-3.5-1536x1152.jpg 1536w, https:\/\/sdh-velesin.net\/wp-content\/uploads\/Pripravka-Okrsek-3.5.jpg 2048w\" sizes=\"auto, (max-width: 800px) 100vw, 800px\" \/><\/figure>\n\n\n\n<figure class=\"wp-block-image size-large\"><img loading=\"lazy\" decoding=\"async\" width=\"850\" height=\"478\" data-id=\"2977\" src=\"https:\/\/sdh-velesin.net\/wp-content\/uploads\/Klet-29.3-850x478.jpg\" alt=\"\" class=\"wp-image-2977\" srcset=\"https:\/\/sdh-velesin.net\/wp-content\/uploads\/Klet-29.3-850x478.jpg 850w, https:\/\/sdh-velesin.net\/wp-content\/uploads\/Klet-29.3-400x225.jpg 400w, https:\/\/sdh-velesin.net\/wp-content\/uploads\/Klet-29.3-1536x864.jpg 1536w, https:\/\/sdh-velesin.net\/wp-content\/uploads\/Klet-29.3-2048x1152.jpg 2048w\" sizes=\"auto, (max-width: 850px) 100vw, 850px\" \/><\/figure>\n\n\n\n<figure class=\"wp-block-image size-large\"><img loading=\"lazy\" decoding=\"async\" width=\"850\" height=\"350\" data-id=\"2948\" src=\"https:\/\/sdh-velesin.net\/wp-content\/uploads\/sobenov-2025-850x350.jpg\" alt=\"\" class=\"wp-image-2948\" srcset=\"https:\/\/sdh-velesin.net\/wp-content\/uploads\/sobenov-2025-850x350.jpg 850w, https:\/\/sdh-velesin.net\/wp-content\/uploads\/sobenov-2025-400x164.jpg 400w, https:\/\/sdh-velesin.net\/wp-content\/uploads\/sobenov-2025-1536x632.jpg 1536w, https:\/\/sdh-velesin.net\/wp-content\/uploads\/sobenov-2025-2048x842.jpg 2048w\" sizes=\"auto, (max-width: 850px) 100vw, 850px\" \/><\/figure>\n<\/figure>\n\n\n\n<p><\/p>\n","protected":false},"excerpt":{"rendered":"<p>Pravideln\u011b se ka\u017ed\u00fd t\u00fdden sch\u00e1z\u00edme s mal\u00fdmi i v\u011bt\u0161\u00edmi hasi\u010di &#8211; od \u010dty\u0159let\u00fdch pr\u0165at a\u017e po dorostence. Na\u0161\u00ed hlavn\u00ed n\u00e1pln\u00ed je po\u017e\u00e1rn\u00ed sport, tak\u017ee b\u011bhem sez\u00f3ny piln\u011b tr\u00e9nujeme, b\u011bh\u00e1me, st\u0159\u00edk\u00e1me a sout\u011b\u017e\u00edme. Mimo sez\u00f3nu se pak v\u011bnujeme vzd\u011bl\u00e1v\u00e1n\u00ed a p\u0159\u00edprav\u011b d\u011bt\u00ed na to, aby jednou mohly b\u00fdt oporou na\u0161eho sboru, nebo si prost\u011b odnesly do &#8230; <a title=\"Mlad\u00ed hasi\u010di\" class=\"read-more\" href=\"https:\/\/sdh-velesin.net\/?page_id=2974\" aria-label=\"\u010c\u00edst v\u00edce o Mlad\u00ed hasi\u010di\">\u010c\u00edst d\u00e1l<\/a><\/p>\n","protected":false},"author":4,"featured_media":0,"parent":0,"menu_order":0,"comment_status":"closed","ping_status":"closed","template":"","meta":{"footnotes":""},"class_list":["post-2974","page","type-page","status-publish"],"_links":{"self":[{"href":"https:\/\/sdh-velesin.net\/index.php?rest_route=\/wp\/v2\/pages\/2974","targetHints":{"allow":["GET"]}}],"collection":[{"href":"https:\/\/sdh-velesin.net\/index.php?rest_route=\/wp\/v2\/pages"}],"about":[{"href":"https:\/\/sdh-velesin.net\/index.php?rest_route=\/wp\/v2\/types\/page"}],"author":[{"embeddable":true,"href":"https:\/\/sdh-velesin.net\/index.php?rest_route=\/wp\/v2\/users\/4"}],"replies":[{"embeddable":true,"href":"https:\/\/sdh-velesin.net\/index.php?rest_route=%2Fwp%2Fv2%2Fcomments&post=2974"}],"version-history":[{"count":2,"href":"https:\/\/sdh-velesin.net\/index.php?rest_route=\/wp\/v2\/pages\/2974\/revisions"}],"predecessor-version":[{"id":2979,"href":"https:\/\/sdh-velesin.net\/index.php?rest_route=\/wp\/v2\/pages\/2974\/revisions\/2979"}],"wp:attachment":[{"href":"https:\/\/sdh-velesin.net\/index.php?rest_route=%2Fwp%2Fv2%2Fmedia&parent=2974"}],"curies":[{"name":"wp","href":"https:\/\/api.w.org\/{rel}","templated":true}]}}