{"id":29,"date":"2010-11-08T17:00:29","date_gmt":"2010-11-08T16:00:29","guid":{"rendered":"http:\/\/www.sdh-velesin.net\/?page_id=29"},"modified":"2014-11-26T00:06:03","modified_gmt":"2014-11-25T23:06:03","slug":"souteze","status":"publish","type":"page","link":"https:\/\/sdh-velesin.net\/?page_id=29","title":{"rendered":"Zbrojnice"},"content":{"rendered":"<p><a rel=\"attachment wp-att-185\" href=\"https:\/\/sdh-velesin.net\/?attachment_id=185\"><\/a><\/p>\n<p><a rel=\"attachment wp-att-191\" href=\"https:\/\/sdh-velesin.net\/?attachment_id=191\"><\/a><\/p>\n<div><a rel=\"attachment wp-att-185\" href=\"https:\/\/sdh-velesin.net\/?attachment_id=185\"><\/a><\/div>\n<div><a rel=\"attachment wp-att-185\" href=\"https:\/\/sdh-velesin.net\/?attachment_id=185\"><\/a><\/div>\n<div><a rel=\"attachment wp-att-185\" href=\"https:\/\/sdh-velesin.net\/?attachment_id=185\">\u00a0<\/a><div id='gallery-1' class='gallery galleryid-29 gallery-columns-3 gallery-size-thumbnail'><figure class='gallery-item'>\n\t\t\t<div class='gallery-icon landscape'>\n\t\t\t\t<a href='https:\/\/sdh-velesin.net\/wp-content\/uploads\/zbrojnice_01.jpg' rel=\"lightbox[29]\"><img loading=\"lazy\" decoding=\"async\" width=\"150\" height=\"150\" src=\"https:\/\/sdh-velesin.net\/wp-content\/uploads\/zbrojnice_01-150x150.jpg\" class=\"attachment-thumbnail size-thumbnail\" alt=\"\" \/><\/a>\n\t\t\t<\/div><\/figure><figure class='gallery-item'>\n\t\t\t<div class='gallery-icon portrait'>\n\t\t\t\t<a href='https:\/\/sdh-velesin.net\/wp-content\/uploads\/zbrojnice_021.jpg' rel=\"lightbox[29]\"><img loading=\"lazy\" decoding=\"async\" width=\"150\" height=\"150\" src=\"https:\/\/sdh-velesin.net\/wp-content\/uploads\/zbrojnice_021-150x150.jpg\" class=\"attachment-thumbnail size-thumbnail\" alt=\"\" \/><\/a>\n\t\t\t<\/div><\/figure><figure class='gallery-item'>\n\t\t\t<div class='gallery-icon portrait'>\n\t\t\t\t<a href='https:\/\/sdh-velesin.net\/wp-content\/uploads\/zbrojnice_031.jpg' rel=\"lightbox[29]\"><img loading=\"lazy\" decoding=\"async\" width=\"150\" height=\"150\" src=\"https:\/\/sdh-velesin.net\/wp-content\/uploads\/zbrojnice_031-150x150.jpg\" class=\"attachment-thumbnail size-thumbnail\" alt=\"\" \/><\/a>\n\t\t\t<\/div><\/figure><figure class='gallery-item'>\n\t\t\t<div class='gallery-icon landscape'>\n\t\t\t\t<a href='https:\/\/sdh-velesin.net\/wp-content\/uploads\/zbrojnice_041.jpg' rel=\"lightbox[29]\"><img loading=\"lazy\" decoding=\"async\" width=\"150\" height=\"150\" src=\"https:\/\/sdh-velesin.net\/wp-content\/uploads\/zbrojnice_041-150x150.jpg\" class=\"attachment-thumbnail size-thumbnail\" alt=\"\" \/><\/a>\n\t\t\t<\/div><\/figure><figure class='gallery-item'>\n\t\t\t<div class='gallery-icon landscape'>\n\t\t\t\t<a href='https:\/\/sdh-velesin.net\/wp-content\/uploads\/zbrojnice_051.jpg' rel=\"lightbox[29]\"><img loading=\"lazy\" decoding=\"async\" width=\"150\" height=\"150\" src=\"https:\/\/sdh-velesin.net\/wp-content\/uploads\/zbrojnice_051-150x150.jpg\" class=\"attachment-thumbnail size-thumbnail\" alt=\"\" \/><\/a>\n\t\t\t<\/div><\/figure><figure class='gallery-item'>\n\t\t\t<div class='gallery-icon landscape'>\n\t\t\t\t<a href='https:\/\/sdh-velesin.net\/wp-content\/uploads\/zbrojnice_061.jpg' rel=\"lightbox[29]\"><img loading=\"lazy\" decoding=\"async\" width=\"150\" height=\"150\" src=\"https:\/\/sdh-velesin.net\/wp-content\/uploads\/zbrojnice_061-150x150.jpg\" class=\"attachment-thumbnail size-thumbnail\" alt=\"\" \/><\/a>\n\t\t\t<\/div><\/figure><figure class='gallery-item'>\n\t\t\t<div class='gallery-icon landscape'>\n\t\t\t\t<a href='https:\/\/sdh-velesin.net\/wp-content\/uploads\/zbrojnice_071.jpg' rel=\"lightbox[29]\"><img loading=\"lazy\" decoding=\"async\" width=\"150\" height=\"150\" src=\"https:\/\/sdh-velesin.net\/wp-content\/uploads\/zbrojnice_071-150x150.jpg\" class=\"attachment-thumbnail size-thumbnail\" alt=\"\" \/><\/a>\n\t\t\t<\/div><\/figure>\n\t\t<\/div>\n<\/p>\n<\/div>\n<div><a rel=\"attachment wp-att-185\" href=\"https:\/\/sdh-velesin.net\/?attachment_id=185\">\u00a0<\/a><\/div>\n<div>\u00a0Zbrojnice byla p\u0159estavena z\u00a0dotace Jiho\u010desk\u00e9ho kraje.<\/div>\n<p>Adresa zbrojnice je <strong>S\u00eddli\u0161t\u011b 390, 382 32 Vele\u0161\u00edn<\/strong>\u00a0<\/p>\n<p>star\u00e1 je zde: \u00a0<a href=\"http:\/\/www.old.sdh-velesin.net\/zbrojnice.html\">http:\/\/www.old.sdh-velesin.net\/zbrojnice.html<\/a><\/p>\n","protected":false},"excerpt":{"rendered":"<p>\u00a0 \u00a0 \u00a0Zbrojnice byla p\u0159estavena z\u00a0dotace Jiho\u010desk\u00e9ho kraje. Adresa zbrojnice je S\u00eddli\u0161t\u011b 390, 382 32 Vele\u0161\u00edn\u00a0 star\u00e1 je zde: \u00a0http:\/\/www.old.sdh-velesin.net\/zbrojnice.html<\/p>\n","protected":false},"author":1,"featured_media":0,"parent":0,"menu_order":5,"comment_status":"closed","ping_status":"closed","template":"","meta":{"footnotes":""},"class_list":["post-29","page","type-page","status-publish"],"_links":{"self":[{"href":"https:\/\/sdh-velesin.net\/index.php?rest_route=\/wp\/v2\/pages\/29","targetHints":{"allow":["GET"]}}],"collection":[{"href":"https:\/\/sdh-velesin.net\/index.php?rest_route=\/wp\/v2\/pages"}],"about":[{"href":"https:\/\/sdh-velesin.net\/index.php?rest_route=\/wp\/v2\/types\/page"}],"author":[{"embeddable":true,"href":"https:\/\/sdh-velesin.net\/index.php?rest_route=\/wp\/v2\/users\/1"}],"replies":[{"embeddable":true,"href":"https:\/\/sdh-velesin.net\/index.php?rest_route=%2Fwp%2Fv2%2Fcomments&post=29"}],"version-history":[{"count":40,"href":"https:\/\/sdh-velesin.net\/index.php?rest_route=\/wp\/v2\/pages\/29\/revisions"}],"predecessor-version":[{"id":1526,"href":"https:\/\/sdh-velesin.net\/index.php?rest_route=\/wp\/v2\/pages\/29\/revisions\/1526"}],"wp:attachment":[{"href":"https:\/\/sdh-velesin.net\/index.php?rest_route=%2Fwp%2Fv2%2Fmedia&parent=29"}],"curies":[{"name":"wp","href":"https:\/\/api.w.org\/{rel}","templated":true}]}}